{"id":833,"date":"2023-05-13T11:59:28","date_gmt":"2023-05-13T09:59:28","guid":{"rendered":"https:\/\/concept-mgmt.com\/?page_id=833"},"modified":"2023-05-13T14:05:52","modified_gmt":"2023-05-13T12:05:52","slug":"vorteile-de","status":"publish","type":"page","link":"https:\/\/concept-mgmt.com\/en\/vorteile-de\/","title":{"rendered":"Vorteile &#8211; DE"},"content":{"rendered":"\t<div id=\"gap-715500137\" class=\"gap-element clearfix\" style=\"display:block; height:auto;\">\n\t\t\n<style>\n#gap-715500137 {\n  padding-top: 40px;\n}\n<\/style>\n\t<\/div>\n\t\n<div class=\"row\"  id=\"row-40257126\">\n\n\t<div id=\"col-72709234\" class=\"col medium-4 small-12 large-4\"  >\n\t\t\t\t<div class=\"col-inner text-center\"  >\n\t\t\t\n\t\t\t\n\t<div class=\"img has-hover x md-x lg-x y md-y lg-y\" id=\"image_517834927\">\n\t\t\t\t\t\t\t\t<div class=\"img-inner dark\" >\n\t\t\t<img loading=\"lazy\" decoding=\"async\" width=\"730\" height=\"548\" src=\"https:\/\/concept-mgmt.com\/wp-content\/uploads\/2023\/05\/China-Stier.png\" class=\"attachment-large size-large\" alt=\"China Stier - Concept GmbH\" srcset=\"https:\/\/concept-mgmt.com\/wp-content\/uploads\/2023\/05\/China-Stier.png 730w, https:\/\/concept-mgmt.com\/wp-content\/uploads\/2023\/05\/China-Stier-300x225.png 300w\" sizes=\"auto, (max-width: 730px) 100vw, 730px\" \/>\t\t\t\t\t\t\n\t\t\t\t\t<\/div>\n\t\t\t\t\t\t\t\t\n<style>\n#image_517834927 {\n  width: 70%;\n}\n<\/style>\n\t<\/div>\n\t\n\t<div class=\"img has-hover x md-x lg-x y md-y lg-y\" id=\"image_606327321\">\n\t\t\t\t\t\t\t\t<div class=\"img-inner dark\" >\n\t\t\t\t\t\t\t\t\t\n\t\t\t\t\t<\/div>\n\t\t\t\t\t\t\t\t\n<style>\n#image_606327321 {\n  width: 60%;\n}\n<\/style>\n\t<\/div>\n\t\n\t\t<\/div>\n\t\t\t\t\n<style>\n#col-72709234 > .col-inner {\n  margin: 100px 0px 0px 0px;\n}\n<\/style>\n\t<\/div>\n\n\t\n\n\t<div id=\"col-672187916\" class=\"col medium-8 small-12 large-8\"  >\n\t\t\t\t<div class=\"col-inner\"  >\n\t\t\t\n\t\t\t\n<h3><b>Vorteile generieren und nutzen<\/b><\/h3>\n<p>Weiterbildung der Mitarbeiter ist ein zentraler Baustein der Personal- und damit der Unternehmensentwicklung. Zudem spielt sie eine Schl\u00fcsselrolle in der Mitarbeiter-Motivation. Der Zusammenhang:<\/p>\n<p>Motivierte Mitarbeiter sichern Unternehmen Vorteile im Wettbewerb.<\/p>\n<p>Nachhaltig ist das nur dann m\u00f6glich, wenn das Gelernte in f\u00fcr das Unternehmen n\u00fctzliches Wissen umgewandelt und anschlie\u00dfend f\u00fcr alle Beteiligten abrufbar ist.<\/p>\n<p>Deshalb haben wir \u201cLernen in 4D\u201d entwickelt, ein Weiterbildungsprogramm, das im Unternehmen f\u00fcr das Unternehmen durchgef\u00fchrt wird: Relevante Bereiche der Theorie werden praxisnah und in verst\u00e4ndlichen Zusammenh\u00e4ngen erarbeitet und einge\u00fcbt. Integrativ. Das hei\u00dft: \u00fcber Abteilungsgrenzen hinweg. Teilnehmer an diesem Lernprogramm sollen aus m\u00f6glichst vielen Abteilungen des Unternehmens stammen, um f\u00e4cher\u00fcbergreifendes Wissen zu generieren.<\/p>\n\t\t<\/div>\n\t\t\t\t\t<\/div>\n\n\t\n<\/div>\n","protected":false},"excerpt":{"rendered":"","protected":false},"author":1,"featured_media":0,"parent":0,"menu_order":0,"comment_status":"closed","ping_status":"closed","template":"","meta":{"footnotes":""},"class_list":["post-833","page","type-page","status-publish","hentry"],"translation":{"provider":"WPGlobus","version":"3.0.2","language":"en","enabled_languages":["de","en"],"languages":{"de":{"title":true,"content":true,"excerpt":false},"en":{"title":false,"content":false,"excerpt":false}}},"_links":{"self":[{"href":"https:\/\/concept-mgmt.com\/en\/wp-json\/wp\/v2\/pages\/833","targetHints":{"allow":["GET"]}}],"collection":[{"href":"https:\/\/concept-mgmt.com\/en\/wp-json\/wp\/v2\/pages"}],"about":[{"href":"https:\/\/concept-mgmt.com\/en\/wp-json\/wp\/v2\/types\/page"}],"author":[{"embeddable":true,"href":"https:\/\/concept-mgmt.com\/en\/wp-json\/wp\/v2\/users\/1"}],"replies":[{"embeddable":true,"href":"https:\/\/concept-mgmt.com\/en\/wp-json\/wp\/v2\/comments?post=833"}],"version-history":[{"count":3,"href":"https:\/\/concept-mgmt.com\/en\/wp-json\/wp\/v2\/pages\/833\/revisions"}],"predecessor-version":[{"id":920,"href":"https:\/\/concept-mgmt.com\/en\/wp-json\/wp\/v2\/pages\/833\/revisions\/920"}],"wp:attachment":[{"href":"https:\/\/concept-mgmt.com\/en\/wp-json\/wp\/v2\/media?parent=833"}],"curies":[{"name":"wp","href":"https:\/\/api.w.org\/{rel}","templated":true}]}}