{"id":91,"date":"2023-05-09T15:23:50","date_gmt":"2023-05-09T13:23:50","guid":{"rendered":"https:\/\/concept-mgmt.com\/?page_id=91"},"modified":"2023-05-10T15:26:51","modified_gmt":"2023-05-10T13:26:51","slug":"analyse","status":"publish","type":"page","link":"https:\/\/concept-mgmt.com\/en\/analyse\/","title":{"rendered":"Portfolio"},"content":{"rendered":"<div class=\"row\"  id=\"row-1562003917\">\n\n\t<div id=\"col-542318735\" class=\"col medium-4 small-12 large-4\"  >\n\t\t\t\t<div class=\"col-inner text-center\"  >\n\t\t\t\n\t\t\t\n\t<div class=\"img has-hover x md-x lg-x y md-y lg-y\" id=\"image_857045023\">\n\t\t\t\t\t\t\t\t<div class=\"img-inner dark\" >\n\t\t\t<img loading=\"lazy\" decoding=\"async\" width=\"487\" height=\"730\" src=\"https:\/\/concept-mgmt.com\/wp-content\/uploads\/2023\/05\/Wald.png\" class=\"attachment-large size-large\" alt=\"Wald - Concept GmbH\" srcset=\"https:\/\/concept-mgmt.com\/wp-content\/uploads\/2023\/05\/Wald.png 487w, https:\/\/concept-mgmt.com\/wp-content\/uploads\/2023\/05\/Wald-200x300.png 200w\" sizes=\"auto, (max-width: 487px) 100vw, 487px\" \/>\t\t\t\t\t\t\n\t\t\t\t\t<\/div>\n\t\t\t\t\t\t\t\t\n<style>\n#image_857045023 {\n  width: 50%;\n}\n<\/style>\n\t<\/div>\n\t\n\t\t<\/div>\n\t\t\t\t\n<style>\n#col-542318735 > .col-inner {\n  margin: 110px 0px 0px 0px;\n}\n<\/style>\n\t<\/div>\n\n\t\n\n\t<div id=\"col-1764874115\" class=\"col medium-8 small-12 large-8\"  >\n\t\t\t\t<div class=\"col-inner\"  >\n\t\t\t\n\t\t\t\n<h3><strong>Analyse<\/strong><\/h3>\n<p><span style=\"font-size: 110%;\">Einfache aber dennoch effektive Analysemethoden k\u00f6nnen die operative Arbeit stark f\u00f6rdern. Welche Kunden brauchen welche Produkte; welche zus\u00e4tzlichen Ums\u00e4tze k\u00f6nnen wir durch neue Kunden generieren; welche Methoden m\u00fcssen wir dazu kennen und effizient einsetzen; wie verbessern wir unsere Schlagkraft durch gezieltes Zeitmanagement.<\/span><\/p>\n<p><span style=\"font-size: 110%;\">Beispiele<\/span><\/p>\n<ul>\n<li><span style=\"font-size: 110%;\">Benchmarking<\/span><\/li>\n<li><span style=\"font-size: 110%;\">Ansoff,<\/span><\/li>\n<li><span style=\"font-size: 110%;\">Porter\u2026<\/span><\/li>\n<li><span style=\"font-size: 110%;\">Boston Consulting<\/span><\/li>\n<li><span style=\"font-size: 110%;\">SWOT<\/span><\/li>\n<li><span style=\"font-size: 110%;\">ABC-Analyse, Eisenhower, Pareto\u2026<\/span><\/li>\n<\/ul>\n\t\t<\/div>\n\t\t\t\t\t<\/div>\n\n\t\n<\/div>\n","protected":false},"excerpt":{"rendered":"","protected":false},"author":1,"featured_media":0,"parent":0,"menu_order":0,"comment_status":"closed","ping_status":"closed","template":"","meta":{"footnotes":""},"class_list":["post-91","page","type-page","status-publish","hentry"],"translation":{"provider":"WPGlobus","version":"3.0.2","language":"en","enabled_languages":["de","en"],"languages":{"de":{"title":true,"content":true,"excerpt":false},"en":{"title":false,"content":false,"excerpt":false}}},"_links":{"self":[{"href":"https:\/\/concept-mgmt.com\/en\/wp-json\/wp\/v2\/pages\/91","targetHints":{"allow":["GET"]}}],"collection":[{"href":"https:\/\/concept-mgmt.com\/en\/wp-json\/wp\/v2\/pages"}],"about":[{"href":"https:\/\/concept-mgmt.com\/en\/wp-json\/wp\/v2\/types\/page"}],"author":[{"embeddable":true,"href":"https:\/\/concept-mgmt.com\/en\/wp-json\/wp\/v2\/users\/1"}],"replies":[{"embeddable":true,"href":"https:\/\/concept-mgmt.com\/en\/wp-json\/wp\/v2\/comments?post=91"}],"version-history":[{"count":11,"href":"https:\/\/concept-mgmt.com\/en\/wp-json\/wp\/v2\/pages\/91\/revisions"}],"predecessor-version":[{"id":268,"href":"https:\/\/concept-mgmt.com\/en\/wp-json\/wp\/v2\/pages\/91\/revisions\/268"}],"wp:attachment":[{"href":"https:\/\/concept-mgmt.com\/en\/wp-json\/wp\/v2\/media?parent=91"}],"curies":[{"name":"wp","href":"https:\/\/api.w.org\/{rel}","templated":true}]}}